{"id":42,"date":"2016-12-30T20:13:36","date_gmt":"2016-12-30T20:13:36","guid":{"rendered":"http:\/\/clinicapsi.pt\/web\/?page_id=42"},"modified":"2019-01-19T14:13:21","modified_gmt":"2019-01-19T14:13:21","slug":"links-uteis","status":"publish","type":"page","link":"https:\/\/clinicapsi.pt\/web\/links-uteis\/","title":{"rendered":"Links \u00dateis"},"content":{"rendered":"<p><img loading=\"lazy\" decoding=\"async\" class=\"alignnone size-full wp-image-124\" src=\"http:\/\/clinicapsi.pt\/web\/wp-content\/uploads\/2016\/12\/barra.png\" alt=\"\" width=\"1280\" height=\"16\" srcset=\"https:\/\/clinicapsi.pt\/web\/wp-content\/uploads\/2016\/12\/barra.png 1280w, https:\/\/clinicapsi.pt\/web\/wp-content\/uploads\/2016\/12\/barra-300x4.png 300w, https:\/\/clinicapsi.pt\/web\/wp-content\/uploads\/2016\/12\/barra-768x10.png 768w, https:\/\/clinicapsi.pt\/web\/wp-content\/uploads\/2016\/12\/barra-700x9.png 700w\" sizes=\"auto, (max-width: 1280px) 100vw, 1280px\" \/><\/p>\n<hr \/>\n<p><span style=\"color: #419f87;\"><strong>Psicofarmacoterapia<\/strong><\/span><\/p>\n<p><a href=\"http:\/\/www.drugs.com\" target=\"_blank\" rel=\"noopener\"><img loading=\"lazy\" decoding=\"async\" class=\"wp-image-50 size-full alignnone\" src=\"http:\/\/clinicapsi.pt\/web\/wp-content\/uploads\/2016\/12\/Drugs.jpg\" width=\"120\" height=\"70\" \/><\/a>\u00a0\u00a0<a href=\"https:\/\/online.epocrates.com\/drugs\" target=\"_blank\" rel=\"noopener\"><img loading=\"lazy\" decoding=\"async\" class=\"alignnone size-full wp-image-53\" src=\"http:\/\/clinicapsi.pt\/web\/wp-content\/uploads\/2016\/12\/Epocrates.jpg\" alt=\"\" width=\"120\" height=\"70\" \/><\/a><\/p>\n<p>&nbsp;<\/p>\n<p><strong><span style=\"color: #419f87;\">Consumo e Depend\u00eancia\u00a0 de Drogas<\/span><br \/>\n<\/strong><\/p>\n<p><a href=\"https:\/\/positivechoices.org.au\/teachers\/preventure\" target=\"_blank\" rel=\"noopener\"><img loading=\"lazy\" decoding=\"async\" class=\"alignnone size-full wp-image-129\" src=\"http:\/\/clinicapsi.pt\/web\/wp-content\/uploads\/2016\/12\/PositiveChoices.jpg\" alt=\"\" width=\"120\" height=\"52\" \/><\/a>\u00a0<a href=\"http:\/\/www.emcdda.europa.eu\/\" target=\"_blank\" rel=\"noopener\"><img loading=\"lazy\" decoding=\"async\" class=\"alignnone size-full wp-image-131\" src=\"http:\/\/clinicapsi.pt\/web\/wp-content\/uploads\/2016\/12\/emcdda.jpg\" alt=\"\" width=\"120\" height=\"52\" \/><\/a>\u00a0\u00a0<a href=\"http:\/\/www.kcl.ac.uk\/ioppn\/depts\/addictions\/research\/legacyprojects\/PreVenture.aspx\" target=\"_blank\" rel=\"noopener\"><img loading=\"lazy\" decoding=\"async\" class=\"alignnone size-full wp-image-134\" src=\"http:\/\/clinicapsi.pt\/web\/wp-content\/uploads\/2016\/12\/kcl.ac_.uk_.jpg\" alt=\"\" width=\"120\" height=\"52\" \/><\/a>\u00a0\u00a0<a href=\"http:\/\/www.iard.org\/eg-programs\/preventure-personality-targeted-interventions-for-adolescent-substance-misuse\/\" target=\"_blank\" rel=\"noopener\"><img loading=\"lazy\" decoding=\"async\" class=\"alignnone size-full wp-image-136\" src=\"http:\/\/clinicapsi.pt\/web\/wp-content\/uploads\/2016\/12\/iard.jpg\" alt=\"\" width=\"120\" height=\"52\" \/><\/a><\/p>\n<p><a href=\"https:\/\/www.researchgate.net\/publication\/258920541_Adapting_the_personality-targeted_Preventure_program_to_prevent_substance_use_and_associated_harms_among_high-risk_Australian_adolescents\" target=\"_blank\" rel=\"noopener\"><img loading=\"lazy\" decoding=\"async\" class=\"alignnone size-full wp-image-141\" src=\"http:\/\/clinicapsi.pt\/web\/wp-content\/uploads\/2016\/12\/researchgate.jpg\" alt=\"\" width=\"120\" height=\"52\" \/><\/a>\u00a0\u00a0<a href=\"http:\/\/pt.slideshare.net\/Mentor_UK\/dr-patricia-conrod-preventure-march-7-adepis-seminar\" target=\"_blank\" rel=\"noopener\"><img loading=\"lazy\" decoding=\"async\" class=\"alignnone size-full wp-image-143\" src=\"http:\/\/clinicapsi.pt\/web\/wp-content\/uploads\/2016\/12\/insladeshare.jpg\" alt=\"\" width=\"120\" height=\"52\" \/><\/a>\u00a0\u00a0<a href=\"https:\/\/www.drugabuse.gov\/publications\/drugfacts\/understanding-drug-use-addiction\" target=\"_blank\" rel=\"noopener\"><img loading=\"lazy\" decoding=\"async\" class=\"alignnone size-full wp-image-146\" src=\"http:\/\/clinicapsi.pt\/web\/wp-content\/uploads\/2016\/12\/nih.jpg\" alt=\"\" width=\"120\" height=\"52\" \/><\/a><\/p>\n<p>&nbsp;<\/p>\n<p><strong><br \/>\n<span style=\"color: #419f87;\">Patologias na Inf\u00e2ncia e Adolesc\u00eancia<\/span><\/strong><\/p>\n<p><a href=\"http:\/\/www.eif.org.uk\/our-work\/\" target=\"_blank\" rel=\"noopener\"><img loading=\"lazy\" decoding=\"async\" class=\"alignnone size-full wp-image-148\" src=\"http:\/\/clinicapsi.pt\/web\/wp-content\/uploads\/2016\/12\/eif.jpg\" alt=\"\" width=\"120\" height=\"52\" \/><\/a>\u00a0\u00a0<a href=\"http:\/\/oyh.org.au\/\" target=\"_blank\" rel=\"noopener\"><img loading=\"lazy\" decoding=\"async\" class=\"alignnone size-full wp-image-149\" src=\"http:\/\/clinicapsi.pt\/web\/wp-content\/uploads\/2016\/12\/oyh.jpg\" alt=\"\" width=\"120\" height=\"52\" \/><\/a><\/p>\n<p>&nbsp;<\/p>\n<p><span style=\"color: #419f87;\"><strong>Classifica\u00e7\u00e3o Internacional das Doen\u00e7as<\/strong><\/span><\/p>\n<p><a href=\"http:\/\/apps.who.int\/classifications\/icd10\/browse\/2016\/en\" target=\"_blank\" rel=\"noopener\"><img loading=\"lazy\" decoding=\"async\" class=\"alignnone size-full wp-image-151\" src=\"http:\/\/clinicapsi.pt\/web\/wp-content\/uploads\/2016\/12\/who.jpg\" alt=\"\" width=\"120\" height=\"52\" \/><\/a><\/p>\n<p>&nbsp;<\/p>\n<p><span style=\"color: #419f87;\"><strong>Estado Mental de Risco<\/strong><\/span><\/p>\n<p><a href=\"https:\/\/www.orygen.org.au\/\" target=\"_blank\" rel=\"noopener\"><img loading=\"lazy\" decoding=\"async\" class=\"alignnone size-full wp-image-154\" src=\"http:\/\/clinicapsi.pt\/web\/wp-content\/uploads\/2016\/12\/orygen.jpg\" alt=\"\" width=\"120\" height=\"52\" \/><\/a>\u00a0\u00a0<a href=\"http:\/\/www.schizophrenia.com\/earlypsychosis.htm#\" target=\"_blank\" rel=\"noopener\"><img loading=\"lazy\" decoding=\"async\" class=\"alignnone size-full wp-image-155\" src=\"http:\/\/clinicapsi.pt\/web\/wp-content\/uploads\/2016\/12\/schizophrenia.jpg\" alt=\"\" width=\"120\" height=\"52\" \/><\/a><\/p>\n<p>&nbsp;<\/p>\n<p><span style=\"color: #419f87;\"><strong>Perturba\u00e7\u00e3o Obsessiva Compulsiva<\/strong><\/span><\/p>\n<p><a href=\"https:\/\/iocdf.org\/about-ocd\/\" target=\"_blank\" rel=\"noopener\"><img loading=\"lazy\" decoding=\"async\" class=\"alignnone size-full wp-image-156\" src=\"http:\/\/clinicapsi.pt\/web\/wp-content\/uploads\/2016\/12\/ocd.jpg\" alt=\"\" width=\"120\" height=\"52\" \/><\/a>\u00a0\u00a0<a href=\"http:\/\/www.obsessivecompulsiveanonymous.org\/\" target=\"_blank\" rel=\"noopener\"><img loading=\"lazy\" decoding=\"async\" class=\"alignnone size-full wp-image-157\" src=\"http:\/\/clinicapsi.pt\/web\/wp-content\/uploads\/2016\/12\/oca.jpg\" alt=\"\" width=\"120\" height=\"52\" \/><\/a>\u00a0\u00a0<a href=\"http:\/\/domusmater.org\/\" target=\"_blank\" rel=\"noopener\"><img loading=\"lazy\" decoding=\"async\" class=\"alignnone size-full wp-image-159\" src=\"http:\/\/clinicapsi.pt\/web\/wp-content\/uploads\/2016\/12\/domusmater.jpg\" alt=\"\" width=\"120\" height=\"52\" \/><\/a><\/p>\n<p>&nbsp;<\/p>\n<p><span style=\"color: #419f87;\"><strong>Perturba\u00e7\u00e3o de P\u00e2nico e Agorafobia<\/strong><\/span><\/p>\n<p><a href=\"https:\/\/www.adaa.org\/understanding-anxiety\/panic-disorder-agoraphobia\" target=\"_blank\" rel=\"noopener\"><img loading=\"lazy\" decoding=\"async\" class=\"alignnone size-full wp-image-161\" src=\"http:\/\/clinicapsi.pt\/web\/wp-content\/uploads\/2016\/12\/adaa.jpg\" alt=\"\" width=\"120\" height=\"52\" \/><\/a>\u00a0\u00a0<a href=\"https:\/\/www.nimh.nih.gov\/health\/topics\/anxiety-disorders\/index.shtml\" target=\"_blank\" rel=\"noopener\"><img loading=\"lazy\" decoding=\"async\" class=\"alignnone size-full wp-image-146\" src=\"http:\/\/clinicapsi.pt\/web\/wp-content\/uploads\/2016\/12\/nih.jpg\" alt=\"\" width=\"120\" height=\"52\" \/><\/a>\u00a0\u00a0<a href=\"https:\/\/www.nimh.nih.gov\/health\/topics\/anxiety-disorders\/index.shtml\" target=\"_blank\" rel=\"noopener\"><img loading=\"lazy\" decoding=\"async\" class=\"alignnone size-full wp-image-146\" src=\"http:\/\/clinicapsi.pt\/web\/wp-content\/uploads\/2016\/12\/nih.jpg\" alt=\"\" width=\"120\" height=\"52\" \/><\/a>\u00a0\u00a0<a href=\"http:\/\/www.nhs.uk\/Conditions\/stress-anxiety-depression\/Pages\/coping-with-panic-attacks.aspx\" target=\"_blank\" rel=\"noopener\"><img loading=\"lazy\" decoding=\"async\" class=\"alignnone size-full wp-image-162\" src=\"http:\/\/clinicapsi.pt\/web\/wp-content\/uploads\/2016\/12\/nhs.jpg\" alt=\"\" width=\"120\" height=\"52\" \/><\/a><\/p>\n<p>&nbsp;<\/p>\n<p><span style=\"color: #419f87;\"><strong>Perturba\u00e7\u00e3o de Ansiedade Social<\/strong><\/span><\/p>\n<p><a href=\"https:\/\/www.nimh.nih.gov\/health\/publications\/social-anxiety-disorder-more-than-just-shyness\/index.shtml\" target=\"_blank\" rel=\"noopener\"><img loading=\"lazy\" decoding=\"async\" class=\"alignnone size-full wp-image-146\" src=\"http:\/\/clinicapsi.pt\/web\/wp-content\/uploads\/2016\/12\/nih.jpg\" alt=\"\" width=\"120\" height=\"52\" \/><\/a><\/p>\n<p>&nbsp;<\/p>\n<p><span style=\"color: #419f87;\"><strong>Perturba\u00e7\u00e3o de Ansiedade Generalizada<\/strong><\/span><\/p>\n<p><a href=\"https:\/\/www.nimh.nih.gov\/health\/publications\/generalized-anxiety-disorder-gad\/index.shtml\" target=\"_blank\" rel=\"noopener\"><img loading=\"lazy\" decoding=\"async\" class=\"alignnone size-full wp-image-146\" src=\"http:\/\/clinicapsi.pt\/web\/wp-content\/uploads\/2016\/12\/nih.jpg\" alt=\"\" width=\"120\" height=\"52\" \/><\/a><\/p>\n<p>&nbsp;<\/p>\n<p><span style=\"color: #419f87;\"><strong>Terapia Cognitivo Comportamental<\/strong><\/span><\/p>\n<p><a href=\"http:\/\/www.nhs.uk\/Conditions\/Cognitive-behavioural-therapy\/Pages\/Introduction.aspx\" target=\"_blank\" rel=\"noopener\"><img loading=\"lazy\" decoding=\"async\" class=\"alignnone size-full wp-image-162\" src=\"http:\/\/clinicapsi.pt\/web\/wp-content\/uploads\/2016\/12\/nhs.jpg\" alt=\"\" width=\"120\" height=\"52\" \/><\/a><\/p>\n<p>&nbsp;<\/p>\n","protected":false},"excerpt":{"rendered":"<p>Psicofarmacoterapia \u00a0\u00a0 &nbsp; Consumo e Depend\u00eancia\u00a0 de Drogas \u00a0\u00a0\u00a0\u00a0\u00a0 \u00a0\u00a0\u00a0\u00a0 &nbsp; Patologias na Inf\u00e2ncia e Adolesc\u00eancia \u00a0\u00a0 &nbsp; Classifica\u00e7\u00e3o Internacional das Doen\u00e7as &nbsp; Estado Mental de Risco \u00a0\u00a0 &nbsp; Perturba\u00e7\u00e3o Obsessiva Compulsiva \u00a0\u00a0\u00a0\u00a0 &nbsp; Perturba\u00e7\u00e3o&#8230;<\/p>\n","protected":false},"author":1,"featured_media":0,"parent":0,"menu_order":0,"comment_status":"closed","ping_status":"closed","template":"","meta":{"footnotes":""},"class_list":["post-42","page","type-page","status-publish","hentry"],"_links":{"self":[{"href":"https:\/\/clinicapsi.pt\/web\/wp-json\/wp\/v2\/pages\/42","targetHints":{"allow":["GET"]}}],"collection":[{"href":"https:\/\/clinicapsi.pt\/web\/wp-json\/wp\/v2\/pages"}],"about":[{"href":"https:\/\/clinicapsi.pt\/web\/wp-json\/wp\/v2\/types\/page"}],"author":[{"embeddable":true,"href":"https:\/\/clinicapsi.pt\/web\/wp-json\/wp\/v2\/users\/1"}],"replies":[{"embeddable":true,"href":"https:\/\/clinicapsi.pt\/web\/wp-json\/wp\/v2\/comments?post=42"}],"version-history":[{"count":70,"href":"https:\/\/clinicapsi.pt\/web\/wp-json\/wp\/v2\/pages\/42\/revisions"}],"predecessor-version":[{"id":267,"href":"https:\/\/clinicapsi.pt\/web\/wp-json\/wp\/v2\/pages\/42\/revisions\/267"}],"wp:attachment":[{"href":"https:\/\/clinicapsi.pt\/web\/wp-json\/wp\/v2\/media?parent=42"}],"curies":[{"name":"wp","href":"https:\/\/api.w.org\/{rel}","templated":true}]}}