{"id":29,"date":"2016-12-27T23:24:21","date_gmt":"2016-12-27T23:24:21","guid":{"rendered":"http:\/\/clinicapsi.pt\/web\/?page_id=29"},"modified":"2018-08-12T18:48:05","modified_gmt":"2018-08-12T17:48:05","slug":"areas-de-intervencao","status":"publish","type":"page","link":"https:\/\/clinicapsi.pt\/web\/areas-de-intervencao\/","title":{"rendered":"\u00c1reas de interven\u00e7\u00e3o"},"content":{"rendered":"<p><img loading=\"lazy\" decoding=\"async\" class=\"alignnone size-full wp-image-124\" src=\"http:\/\/clinicapsi.pt\/web\/wp-content\/uploads\/2016\/12\/barra.png\" alt=\"\" width=\"1280\" height=\"16\" srcset=\"https:\/\/clinicapsi.pt\/web\/wp-content\/uploads\/2016\/12\/barra.png 1280w, https:\/\/clinicapsi.pt\/web\/wp-content\/uploads\/2016\/12\/barra-300x4.png 300w, https:\/\/clinicapsi.pt\/web\/wp-content\/uploads\/2016\/12\/barra-768x10.png 768w, https:\/\/clinicapsi.pt\/web\/wp-content\/uploads\/2016\/12\/barra-700x9.png 700w\" sizes=\"auto, (max-width: 1280px) 100vw, 1280px\" \/><br \/>\n<img loading=\"lazy\" decoding=\"async\" class=\"alignnone size-full wp-image-117\" src=\"http:\/\/clinicapsi.pt\/web\/wp-content\/uploads\/2017\/01\/Logo-PSI_0.5X0.5.png\" alt=\"\" width=\"17\" height=\"16\" \/> Perturba\u00e7\u00f5es. de Ansiedade \u2013 P\u00e2nico, Fobias, Ansiedade Social, Ansiedade Generalizada<br \/>\n<img loading=\"lazy\" decoding=\"async\" class=\"alignnone size-full wp-image-117\" src=\"http:\/\/clinicapsi.pt\/web\/wp-content\/uploads\/2017\/01\/Logo-PSI_0.5X0.5.png\" alt=\"\" width=\"17\" height=\"16\" \/> Psicofarmacoterapia e Terapia cognitivo-comportamental<br \/>\n<img loading=\"lazy\" decoding=\"async\" class=\"alignnone size-full wp-image-117\" src=\"http:\/\/clinicapsi.pt\/web\/wp-content\/uploads\/2017\/01\/Logo-PSI_0.5X0.5.png\" alt=\"\" width=\"17\" height=\"16\" \/> Pertuba\u00e7\u00e3o Obsessiva-Compulsiva e do Espectro Obsessivo-Compulsivo<br \/>\n<img loading=\"lazy\" decoding=\"async\" class=\"alignnone size-full wp-image-117\" src=\"http:\/\/clinicapsi.pt\/web\/wp-content\/uploads\/2017\/01\/Logo-PSI_0.5X0.5.png\" alt=\"\" width=\"17\" height=\"16\" \/> Psicofarmacoterapia e Terapia cognitivo-comportamental<br \/>\n<img loading=\"lazy\" decoding=\"async\" class=\"alignnone size-full wp-image-117\" src=\"http:\/\/clinicapsi.pt\/web\/wp-content\/uploads\/2017\/01\/Logo-PSI_0.5X0.5.png\" alt=\"\" width=\"17\" height=\"16\" \/> Pertuba\u00e7\u00f5es Depressivas<br \/>\n<img loading=\"lazy\" decoding=\"async\" class=\"alignnone size-full wp-image-117\" src=\"http:\/\/clinicapsi.pt\/web\/wp-content\/uploads\/2017\/01\/Logo-PSI_0.5X0.5.png\" alt=\"\" width=\"17\" height=\"16\" \/> Pertuba\u00e7\u00e3o Bipolar<br \/>\n<img loading=\"lazy\" decoding=\"async\" class=\"alignnone size-full wp-image-117\" src=\"http:\/\/clinicapsi.pt\/web\/wp-content\/uploads\/2017\/01\/Logo-PSI_0.5X0.5.png\" alt=\"\" width=\"17\" height=\"16\" \/> Pertuba\u00e7\u00f5es Psic\u00f3ticas<br \/>\n<img loading=\"lazy\" decoding=\"async\" class=\"alignnone size-full wp-image-117\" src=\"http:\/\/clinicapsi.pt\/web\/wp-content\/uploads\/2017\/01\/Logo-PSI_0.5X0.5.png\" alt=\"\" width=\"17\" height=\"16\" \/> Pertuba\u00e7\u00f5es Associadas ao Consumo\/Depend\u00eancia de Subst\u00e2ncias<br \/>\n<img loading=\"lazy\" decoding=\"async\" class=\"alignnone size-full wp-image-117\" src=\"http:\/\/clinicapsi.pt\/web\/wp-content\/uploads\/2017\/01\/Logo-PSI_0.5X0.5.png\" alt=\"\" width=\"17\" height=\"16\" \/> Pertuba\u00e7\u00e3o na Adolesc\u00eancia<br \/>\n<img loading=\"lazy\" decoding=\"async\" class=\"alignnone size-full wp-image-117\" src=\"http:\/\/clinicapsi.pt\/web\/wp-content\/uploads\/2017\/01\/Logo-PSI_0.5X0.5.png\" alt=\"\" width=\"17\" height=\"16\" \/> Pertuba\u00e7\u00e3o do Espectro do Autismo no Adolescente e Adulto<br \/>\n<img loading=\"lazy\" decoding=\"async\" class=\"alignnone size-full wp-image-117\" src=\"http:\/\/clinicapsi.pt\/web\/wp-content\/uploads\/2017\/01\/Logo-PSI_0.5X0.5.png\" alt=\"\" width=\"17\" height=\"16\" \/> Pertuba\u00e7\u00e3o de Hiperatividade e D\u00e9fice Aten\u00e7\u00e3o no Adulto<br \/>\n<img loading=\"lazy\" decoding=\"async\" class=\"alignnone size-full wp-image-117\" src=\"http:\/\/clinicapsi.pt\/web\/wp-content\/uploads\/2017\/01\/Logo-PSI_0.5X0.5.png\" alt=\"\" width=\"17\" height=\"16\" \/> Gerontopsiquiatria<br \/>\n<img loading=\"lazy\" decoding=\"async\" class=\"alignnone size-full wp-image-117\" src=\"http:\/\/clinicapsi.pt\/web\/wp-content\/uploads\/2017\/01\/Logo-PSI_0.5X0.5.png\" alt=\"\" width=\"17\" height=\"16\" \/> Estado Mental de Risco<br \/>\n<img loading=\"lazy\" decoding=\"async\" class=\"alignnone size-full wp-image-117\" src=\"http:\/\/clinicapsi.pt\/web\/wp-content\/uploads\/2017\/01\/Logo-PSI_0.5X0.5.png\" alt=\"\" width=\"17\" height=\"16\" \/> Orienta\u00e7\u00e3o para Reabilita\u00e7\u00e3o Cognitiva associada a Pert. Mental<br \/>\n<img loading=\"lazy\" decoding=\"async\" class=\"alignnone size-full wp-image-117\" src=\"http:\/\/clinicapsi.pt\/web\/wp-content\/uploads\/2017\/01\/Logo-PSI_0.5X0.5.png\" alt=\"\" width=\"17\" height=\"16\" \/> Psicoterapia Cognitivo- Comportamental<br \/>\n<img loading=\"lazy\" decoding=\"async\" class=\"alignnone size-full wp-image-117\" src=\"http:\/\/clinicapsi.pt\/web\/wp-content\/uploads\/2017\/01\/Logo-PSI_0.5X0.5.png\" alt=\"\" width=\"17\" height=\"16\" \/> Psicoeduca\u00e7\u00e3o para Familiares e Pessoas com Pert. Mental<br \/>\n<img loading=\"lazy\" decoding=\"async\" class=\"alignnone size-full wp-image-117\" src=\"http:\/\/clinicapsi.pt\/web\/wp-content\/uploads\/2017\/01\/Logo-PSI_0.5X0.5.png\" alt=\"\" width=\"17\" height=\"16\" \/> Avalia\u00e7\u00e3o e Parecer Psiqui\u00e1trico de Incapacidade Laboral<br \/>\n<img loading=\"lazy\" decoding=\"async\" class=\"alignnone size-full wp-image-117\" src=\"http:\/\/clinicapsi.pt\/web\/wp-content\/uploads\/2017\/01\/Logo-PSI_0.5X0.5.png\" alt=\"\" width=\"17\" height=\"16\" \/> Psiquiatria Forense- Vasta experi\u00eancia em Avalia\u00e7\u00e3o M\u00e9dico-Legal.<\/p>\n<p>&nbsp;<\/p>\n<p><span style=\"color: #ff0000;\"><strong><span style=\"color: #419f87;\">Nota:<br \/>\n<a href=\"https:\/\/www.skype.com\/pt\/\"><img loading=\"lazy\" decoding=\"async\" class=\"alignnone wp-image-112 size-medium\" src=\"http:\/\/clinicapsi.pt\/web\/wp-content\/uploads\/2016\/12\/skype-logo-300x141.jpg\" width=\"300\" height=\"141\" srcset=\"https:\/\/clinicapsi.pt\/web\/wp-content\/uploads\/2016\/12\/skype-logo-300x141.jpg 300w, https:\/\/clinicapsi.pt\/web\/wp-content\/uploads\/2016\/12\/skype-logo-768x361.jpg 768w, https:\/\/clinicapsi.pt\/web\/wp-content\/uploads\/2016\/12\/skype-logo-700x329.jpg 700w\" sizes=\"auto, (max-width: 300px) 100vw, 300px\" \/><\/a><\/span><br \/>\n<\/strong><span style=\"color: #000000;\">Consultas via skype ap\u00f3s 1\u00aa consulta presencial.<\/span><strong><br \/>\n<\/strong><\/span><\/p>\n","protected":false},"excerpt":{"rendered":"<p>Perturba\u00e7\u00f5es. de Ansiedade \u2013 P\u00e2nico, Fobias, Ansiedade Social, Ansiedade Generalizada Psicofarmacoterapia e Terapia cognitivo-comportamental Pertuba\u00e7\u00e3o Obsessiva-Compulsiva e do Espectro Obsessivo-Compulsivo Psicofarmacoterapia e Terapia cognitivo-comportamental Pertuba\u00e7\u00f5es Depressivas Pertuba\u00e7\u00e3o Bipolar Pertuba\u00e7\u00f5es Psic\u00f3ticas Pertuba\u00e7\u00f5es Associadas ao Consumo\/Depend\u00eancia de&#8230;<\/p>\n","protected":false},"author":1,"featured_media":0,"parent":0,"menu_order":0,"comment_status":"closed","ping_status":"closed","template":"","meta":{"footnotes":""},"class_list":["post-29","page","type-page","status-publish","hentry"],"_links":{"self":[{"href":"https:\/\/clinicapsi.pt\/web\/wp-json\/wp\/v2\/pages\/29","targetHints":{"allow":["GET"]}}],"collection":[{"href":"https:\/\/clinicapsi.pt\/web\/wp-json\/wp\/v2\/pages"}],"about":[{"href":"https:\/\/clinicapsi.pt\/web\/wp-json\/wp\/v2\/types\/page"}],"author":[{"embeddable":true,"href":"https:\/\/clinicapsi.pt\/web\/wp-json\/wp\/v2\/users\/1"}],"replies":[{"embeddable":true,"href":"https:\/\/clinicapsi.pt\/web\/wp-json\/wp\/v2\/comments?post=29"}],"version-history":[{"count":13,"href":"https:\/\/clinicapsi.pt\/web\/wp-json\/wp\/v2\/pages\/29\/revisions"}],"predecessor-version":[{"id":240,"href":"https:\/\/clinicapsi.pt\/web\/wp-json\/wp\/v2\/pages\/29\/revisions\/240"}],"wp:attachment":[{"href":"https:\/\/clinicapsi.pt\/web\/wp-json\/wp\/v2\/media?parent=29"}],"curies":[{"name":"wp","href":"https:\/\/api.w.org\/{rel}","templated":true}]}}